{"id":769,"date":"2025-09-22T11:38:14","date_gmt":"2025-09-22T09:38:14","guid":{"rendered":"https:\/\/prilagodba.ffzg.unizg.hr\/?page_id=769"},"modified":"2025-09-22T11:45:41","modified_gmt":"2025-09-22T09:45:41","slug":"procjena-ishoda-ucenja-u-obrazovanju-studenata-s-invaliditetom","status":"publish","type":"page","link":"https:\/\/prilagodba.ffzg.unizg.hr\/?page_id=769","title":{"rendered":"Procjena ishoda u\u010denja u obrazovanju studenata s invaliditetom"},"content":{"rendered":"<p><span style=\"font-weight: 400;\">\u010cesto se studenti s invaliditetom svrstavaju u jednu, posebnu kategoriju, \u0161to je i vi\u0161e nego neopravdano. Svi studenti, neovisno o invaliditetu, imaju razne izazove i te\u0161ko\u0107e u obrazovanju koje ponekad mogu biti ozbiljnije, a ponekad neznatne. Upravo je to bitno spoznati kada govorimo o procjeni i ocjenjivanju.\u00a0<\/span><\/p>\n<p><b>Akademska procjena<\/b><span style=\"font-weight: 400;\"> va\u017ean je dio procesa u\u010denja koji nam omogu\u0107ava da studentima pru\u017eimo potrebnu potporu i povratnu informaciju. Procjena mora biti <\/span><i><span style=\"font-weight: 400;\">sveobuhvatna, objektivna, dosljedna, pravedna i povezana s ishodima u\u010denja<\/span><\/i><span style=\"font-weight: 400;\">, no ponekad je za ostvarenje postavljenih kriterija potrebna odre\u0111ena prilagodba. Stoga je\u00a0 iznimno va\u017ean <\/span><b>individualizirani pristup<\/b><span style=\"font-weight: 400;\"> i posebna pozornost usmjerena na <\/span><b>opravdanost<\/b><span style=\"font-weight: 400;\"> pojedinih prilagodbi kako one ne bi naru\u0161avale akademski standard.\u00a0<\/span><\/p>\n<p>&nbsp;<\/p>\n<p><span style=\"font-weight: 400;\">OBLICI PRILAGODBE PROCJENE ZA POTREBE STUDENATA S INVALIDITETOM<\/span><\/p>\n<p><span style=\"font-weight: 400;\">Prikladnost prilagodbe procjene ovisi o metodi, potrebama studenta i ishodima u\u010denja, a mogu\u0107e je izdvojiti <\/span><b>\u010detiri oblika prilagodbe procjene<\/b><span style=\"font-weight: 400;\">:\u00a0<\/span><\/p>\n<ol>\n<li style=\"font-weight: 400;\" aria-level=\"1\"><b>Promjena okolnosti \u2192 <\/b><span style=\"font-weight: 400;\">ishodi u\u010denja i na\u010din procjene ostaju nepromijenjeni, ali se nadopunjuju okolnosti (npr. st<\/span><i><span style=\"font-weight: 400;\">udent s o\u0161te\u0107enjima vida na pismenom ispitivanju mo\u017ee diktirati svoje odgovore osobi koja ih zapisuje<\/span><\/i><span style=\"font-weight: 400;\">)<\/span><\/li>\n<li style=\"font-weight: 400;\" aria-level=\"1\"><b>Promjena procjene \u2192 <\/b><span style=\"font-weight: 400;\">promjena jednog aspekta procjene, pri \u010demu ciljevi u\u010denja ostaju isti, a neki od kriterija procjene se mijenjaju (npr. <\/span><i><span style=\"font-weight: 400;\">individualna prezentacija za studenata sa psihi\u010dkim smetnjama koji ne mo\u017ee odr\u017eati prezentaciju pred grupom)<\/span><\/i><\/li>\n<li style=\"font-weight: 400;\" aria-level=\"1\"><b>Alternativna procjena \u2192 <\/b><span style=\"font-weight: 400;\">zamjena standardnog na\u010din procjene uz promjenu kriterija, dok ishodi u\u010denja ostaju isti (npr. <\/span><i><span style=\"font-weight: 400;\">produ\u017eeno vrijeme rada<\/span><\/i><span style=\"font-weight: 400;\">)<\/span><\/li>\n<li style=\"font-weight: 400;\" aria-level=\"1\"><b>Isklju\u010divanje mogu\u0107nosti prilagodbe \u2192 <\/b><span style=\"font-weight: 400;\">o\u010duvanje akademskih standarda bez prilagodbi<\/span><\/li>\n<\/ol>\n<p>&nbsp;<\/p>\n<p><span style=\"font-weight: 400;\">PRILAGODBE U PISMENOJ PROCJENI<\/span><\/p>\n<p><span style=\"font-weight: 400;\">Prilagoditi dijelove pismenog ispita <\/span><b>ne zna\u010di u cijelosti zamijeniti pismene ispite <\/b><span style=\"font-weight: 400;\">usmenim ispitivanjem, pritom <\/span><b>prilagoditi mo\u017eemo sve elemente pismenog ispita osim onih koji su propisani ishodima u\u010denja<\/b><span style=\"font-weight: 400;\">. U pravilu, tek manji broj studenata s invaliditetom ne\u0107e mo\u0107i obaviti pismeno ispitivanje znanja, no ako su primjerice pauze za odmor i dopu\u0161teno dodatno vrijeme preveliki potrebno je razmotriti alternative.\u00a0\u00a0<\/span><\/p>\n<p><span style=\"font-weight: 400;\">Neke od prilagodbi u pismenoj procjeni mogu biti:<\/span><\/p>\n<ul>\n<li style=\"font-weight: 400;\" aria-level=\"1\"><span style=\"font-weight: 400;\">promjena teme ili detaljna prorada manje koli\u010dine teksta umjesto op\u0161irnijeg \u010ditanja velikog broja izvora<\/span><\/li>\n<li style=\"font-weight: 400;\" aria-level=\"1\"><span style=\"font-weight: 400;\">pode\u0161avanje vremena odr\u017eavanja ispita i omogu\u0107avanje alternativnog roka zavr\u0161etka <\/span><i><span style=\"font-weight: 400;\">(za studente s o\u0161te\u0107enjima sluha i vida mogu\u0107e produljiti vrijeme pisanja do 100%, a studentima s disleksijom, disgrafijom, diskalkulijom i ADHD &#8211; om za 50% vi\u0161e od predvi\u0111enoga)<\/span><\/i><\/li>\n<li style=\"font-weight: 400;\" aria-level=\"1\"><span style=\"font-weight: 400;\">dodatno osvjetljenje, elektronsko pove\u0107alo (CCTV), papir za pisanje s debelim crtama, \u017euti\/krem ili bijeli mat-papir uz uve\u0107ani tisak <\/span><i><span style=\"font-weight: 400;\">(za studente s o\u0161te\u0107enjima vida)<\/span><\/i><\/li>\n<li style=\"font-weight: 400;\" aria-level=\"1\"><span style=\"font-weight: 400;\">stolice s naslonom i stolovi podesive visine i nagiba <\/span><i><span style=\"font-weight: 400;\">(za studente koji ote\u017eano koriste standardne)<\/span><\/i><\/li>\n<li style=\"font-weight: 400;\" aria-level=\"1\"><span style=\"font-weight: 400;\">uve\u0107ati tisak i razmake izme\u0111u pitanja, podebljati tekst i koristiti velika tiskana slovima na \u017euto\/krem ili bijelom mat-papiru (<\/span><i><span style=\"font-weight: 400;\">za studente s ADHD-om)<\/span><\/i><span style=\"font-weight: 400;\">\u00a0<\/span><\/li>\n<li style=\"font-weight: 400;\" aria-level=\"1\"><span style=\"font-weight: 400;\">stanke za odmor <\/span><i><span style=\"font-weight: 400;\">(za studente koji osje\u0107aju bolove, umor ili imaju te\u0161ko\u0107e s odr\u017eavanjem pa\u017enje<\/span><\/i><span style=\"font-weight: 400;\">)<\/span><\/li>\n<li style=\"font-weight: 400;\" aria-level=\"1\"><span style=\"font-weight: 400;\">izravnost i jasno\u0107a pitanja, upotreba kratkih i jednozna\u010dnih re\u010denica\u00a0<\/span><\/li>\n<li style=\"font-weight: 400;\" aria-level=\"1\"><span style=\"font-weight: 400;\">pristupa\u010dno<\/span> <span style=\"font-weight: 400;\">mjesto provedbe procjene (npr. <\/span><i><span style=\"font-weight: 400;\">prostorija s lako dostupnim toaletom, pristup liftom)<\/span><\/i><\/li>\n<li style=\"font-weight: 400;\" aria-level=\"1\"><span style=\"font-weight: 400;\">omogu\u0107iti prisutnost pomaga\u010da ili asistenata<\/span> <span style=\"font-weight: 400;\">(<\/span><i><span style=\"font-weight: 400;\">pomo\u0107 u pisanju, \u010ditanju materijala<\/span><\/i><span style=\"font-weight: 400;\">, <\/span><i><span style=\"font-weight: 400;\">okretanju stranica, dodavanju pribora, namje\u0161tanju opreme i sl.)\u00a0<\/span><\/i><\/li>\n<\/ul>\n<p>&nbsp;<\/p>\n<p><span style=\"font-weight: 400;\">PRILAGODBE U USMENOJ PROCJENI<\/span><\/p>\n<p><span style=\"font-weight: 400;\">Nekim studentima s invaliditetom usmena procjena <\/span><b>lak\u0161i je na\u010din demonstracije ste\u010denih kompetencija<\/b><span style=\"font-weight: 400;\"> dok<\/span> <span style=\"font-weight: 400;\">nekim studentima o\u0161te\u0107enje znatno <\/span><b>ote\u017eava<\/b><span style=\"font-weight: 400;\"> usmenu procjenu, pa \u0107e biti <\/span><i><span style=\"font-weight: 400;\">potrebna dodatna oprema ili vr\u0161nja\u010dka potpora, <\/span><\/i><span style=\"font-weight: 400;\">a nezaobilazan je <\/span><i><span style=\"font-weight: 400;\">individualni dogovor <\/span><\/i><span style=\"font-weight: 400;\">sa samim studentom<\/span><i><span style=\"font-weight: 400;\">.<\/span><\/i><span style=\"font-weight: 400;\">\u00a0<\/span><\/p>\n<p><span style=\"font-weight: 400;\">Neke od prilagodbi u usmenoj procjeni mogu biti:<\/span><\/p>\n<ul>\n<li style=\"font-weight: 400;\" aria-level=\"1\"><span style=\"font-weight: 400;\">modificiranje kriterija ako su povezani s govorom tijela ili interakcijom s publikom<\/span><\/li>\n<li style=\"font-weight: 400;\" aria-level=\"1\"><span style=\"font-weight: 400;\">izlaganje pred studentom asistentom<\/span><\/li>\n<li style=\"font-weight: 400;\" aria-level=\"1\"><span style=\"font-weight: 400;\">podjela usmenog ispitivanja u nekoliko dijelova sa stankama za odmor<\/span><\/li>\n<li style=\"font-weight: 400;\" aria-level=\"1\"><span style=\"font-weight: 400;\">omogu\u0107avanje izlaganja u sjede\u0107em polo\u017eaju<\/span><\/li>\n<li style=\"font-weight: 400;\" aria-level=\"1\"><span style=\"font-weight: 400;\">produljeno vrijeme izlaganja<\/span><\/li>\n<\/ul>\n<p>&nbsp;<\/p>\n<p><span style=\"font-weight: 400;\">PRILAGODBE U ONLINE PROCJENI<\/span><\/p>\n<p><span style=\"font-weight: 400;\">Kori\u0161tenje novih tehnologija u procjeni navodi se kao mjera koja <\/span><b>pove\u0107ava neovisnosti i kvalitetu \u017eivota<\/b><span style=\"font-weight: 400;\"> osoba s invaliditetom jer im omogu\u0107uje <\/span><b>ravnopravno uklju\u010divanje <\/b><span style=\"font-weight: 400;\">i <\/span><b>maksimalno kori\u0161tenje vlastitih potencijala. <\/b><span style=\"font-weight: 400;\">Kori\u0161tenje ra\u010dunala s dodatnom opremom Brailleovog retka, govorne jedinice ili elektronske bilje\u017enice, programom Text to speech za korigiranje teksta ili programom Spell checking software za provjeru pravopisa, uvelike mo\u017ee doprinijeti kvalitetnom obrazovnom iskustvu studenata s invaliditetom.<\/span><\/p>\n<p><span style=\"font-weight: 400;\">Neke pojedinosti koje je potrebno imati na umu kod online procjene su:<\/span><\/p>\n<ul>\n<li style=\"font-weight: 400;\" aria-level=\"1\"><span style=\"font-weight: 400;\">kompatibilnost programske opreme i online okoline<\/span><\/li>\n<li style=\"font-weight: 400;\" aria-level=\"1\"><span style=\"font-weight: 400;\">podnaslovi, prijepisi\u00a0 i druge vizualne alternative kod kori\u0161tenja video i audio snimaka<\/span><i><span style=\"font-weight: 400;\"> (za studente s o\u0161te\u0107enjem sluha)<\/span><\/i><\/li>\n<li style=\"font-weight: 400;\" aria-level=\"1\"><span style=\"font-weight: 400;\">omogu\u0107iti procjenu preko tipkovnice za studente koji ne mogu koristiti mi\u0161<\/span><\/li>\n<\/ul>\n<p>&nbsp;<\/p>\n<p><span style=\"font-weight: 400;\">OCJENJIVANJE I PRU\u017dANJE POVRATNIH INFORMACIJA<\/span><\/p>\n<p><span style=\"font-weight: 400;\">Pru\u017eanje povratnih informacija o postignu\u0107u u pravilu je sli\u010dno za sve studente, me\u0111utim potrebno je uzeti u obzir svaku <\/span><b>te\u0161ko\u0107u koja karakterizira neko o\u0161te\u0107enj<\/b><span style=\"font-weight: 400;\">e, a \u010dije karakteristike <\/span><b>ne bi\u00a0 trebale biti\u00a0 predmetom ocjenjivanja <\/b><span style=\"font-weight: 400;\">(npr. <\/span><i><span style=\"font-weight: 400;\">pravopisne i gramati\u010dke pogre\u0161ke, slaba re\u010deni\u010dna konstrukcija, te\u0161ko\u0107e u strukturiranju odgovora<\/span><\/i><span style=\"font-weight: 400;\">, <\/span><i><span style=\"font-weight: 400;\">slab ili varijabilan rukopis <\/span><\/i><span style=\"font-weight: 400;\">i dr. ovisno o o\u0161te\u0107enju). Povratne informacije potrebno je davati u obliku koji osigurava <\/span><b>princip dostupnosti <\/b><span style=\"font-weight: 400;\">(npr.<\/span> <i><span style=\"font-weight: 400;\">studentima s disleksijom ili o\u0161te\u0107enjem vida\u00a0 dajemo verbalnu, umjesto rukom pisane povratne informacije)<\/span><\/i><span style=\"font-weight: 400;\">\u00a0<\/span><\/p>\n<p>&nbsp;<\/p>\n<p><span style=\"font-weight: 400;\">Na kraju nastavnog procesa svi studenti pokazuju do koje su mjere usvojili ishode u\u010denja, ali na\u010din na koji \u0107e to pokazati razlikovat \u0107e se s obzirom na <\/span><b>njihove prednosti<\/b><span style=\"font-weight: 400;\">\u00a0 kako bi svoje kompetencije mogli pokazati na njima primjeren na\u010din. Me\u0111utim ne smijemo zaboraviti da su mnoge prilagodbe, kao \u0161to su k<\/span><i><span style=\"font-weight: 400;\">valitetno pripremljeni uru\u010dci, kombiniranje pisanih i verbalnih uputa, fleksibilnost u metodama procjene <\/span><\/i><span style=\"font-weight: 400;\">zapravo kvalitetna praksa pou\u010davanja i u\u010denja koja koristi svim studentima.\u00a0<\/span><\/p>\n<p>&nbsp;<\/p>\n<p><b>Tekst je sa\u017eela i uredila studentica Lucija Pere\u0161in, <\/b><b>univ. bacc. paed.<\/b><b> prema<\/b><span style=\"font-weight: 400;\">:<\/span><\/p>\n<p><span style=\"font-weight: 400;\">Pahljina Reini\u0107, R., Kran\u017eeli\u0107, V., &amp; H<\/span><i><span style=\"font-weight: 400;\">ani\u010dar, E. (2021). Procjena i ocjenjivanje ishoda u\u010denja. <\/span><\/i><span style=\"font-weight: 400;\">U A. Vuli\u0107-Prtori\u0107, V. Kran\u017eeli\u0107, &amp; A. Fajdeti\u0107 (Ur.),<\/span><i><span style=\"font-weight: 400;\"> Izvo\u0111enje nastave i ishodi u\u010denja<\/span><\/i><span style=\"font-weight: 400;\"> (str. 159\u2013199). Sveu\u010dili\u0161te u Zadru\u00a0<\/span><\/p>\n<p>Vi\u0161e informacija dostupno je u priru\u010dniku:\u00a0<a title=\"Izvo\u0111enje nastave - studenti s invaliditetom\" href=\"http:\/\/www.unizg.hr\/fileadmin\/rektorat\/Studiji_studiranje\/Podrska\/SSI\/Izvodj_nastave.pdf\">Izvo\u0111enje nastave i ishodi u\u010denja<\/a><\/p>\n","protected":false},"excerpt":{"rendered":"<p>\u010cesto se studenti s invaliditetom svrstavaju u jednu, posebnu kategoriju, \u0161to je i vi\u0161e nego neopravdano. Svi studenti, neovisno o invaliditetu, imaju razne izazove i te\u0161ko\u0107e u obrazovanju koje ponekad mogu biti ozbiljnije, a ponekad neznatne. Upravo je to bitno spoznati kada govorimo o procjeni i ocjenjivanju.\u00a0 Akademska procjena va\u017ean je dio procesa u\u010denja koji [&hellip;]<\/p>\n","protected":false},"author":101011,"featured_media":0,"parent":0,"menu_order":0,"comment_status":"closed","ping_status":"closed","template":"","meta":{"saved_in_kubio":false,"footnotes":""},"class_list":["post-769","page","type-page","status-publish","hentry"],"kubio_ai_page_context":{"short_desc":"","purpose":"general"},"_links":{"self":[{"href":"https:\/\/prilagodba.ffzg.unizg.hr\/index.php?rest_route=\/wp\/v2\/pages\/769","targetHints":{"allow":["GET"]}}],"collection":[{"href":"https:\/\/prilagodba.ffzg.unizg.hr\/index.php?rest_route=\/wp\/v2\/pages"}],"about":[{"href":"https:\/\/prilagodba.ffzg.unizg.hr\/index.php?rest_route=\/wp\/v2\/types\/page"}],"author":[{"embeddable":true,"href":"https:\/\/prilagodba.ffzg.unizg.hr\/index.php?rest_route=\/wp\/v2\/users\/101011"}],"replies":[{"embeddable":true,"href":"https:\/\/prilagodba.ffzg.unizg.hr\/index.php?rest_route=%2Fwp%2Fv2%2Fcomments&post=769"}],"version-history":[{"count":5,"href":"https:\/\/prilagodba.ffzg.unizg.hr\/index.php?rest_route=\/wp\/v2\/pages\/769\/revisions"}],"predecessor-version":[{"id":775,"href":"https:\/\/prilagodba.ffzg.unizg.hr\/index.php?rest_route=\/wp\/v2\/pages\/769\/revisions\/775"}],"wp:attachment":[{"href":"https:\/\/prilagodba.ffzg.unizg.hr\/index.php?rest_route=%2Fwp%2Fv2%2Fmedia&parent=769"}],"curies":[{"name":"wp","href":"https:\/\/api.w.org\/{rel}","templated":true}]}}