{"id":675,"date":"2025-02-07T15:25:28","date_gmt":"2025-02-07T13:25:28","guid":{"rendered":"https:\/\/prilagodba.ffzg.unizg.hr\/?page_id=675"},"modified":"2025-02-07T15:25:28","modified_gmt":"2025-02-07T13:25:28","slug":"pravo-na-novcanu-potporu-za-pokrice-dijela-troskova-prijevoza","status":"publish","type":"page","link":"https:\/\/prilagodba.ffzg.unizg.hr\/?page_id=675","title":{"rendered":"Pravo na nov\u010danu potporu za pokri\u0107e dijela tro\u0161kova prijevoza"},"content":{"rendered":"<p>Pravo na nov\u010danu potporu za pokri\u0107e dijela tro\u0161kova prijevoza ostvaruju redoviti studenti s invaliditetom s najmanje 60% utvr\u0111enog o\u0161te\u0107enja organizma ili najmanje III. stupnja o\u0161te\u0107enja funkcionalnih sposobnosti, sukladno propisu kojim je propisana metodologija vje\u0161ta\u010denja i koji su upisani u Registar osoba s invaliditetom.<br \/>\nZahtjev za ostvarivanje prava podnosi se\u00a0<a title=\"Prijevoz studenata s invaliditetom\" href=\"https:\/\/mzo.gov.hr\/istaknute-teme\/odgoj-i-obrazovanje\/visoko-obrazovanje\/potpore-studentima\/164\" target=\"_blank\" rel=\"noopener\">Ministarstvu znanosti, obrazovanja i mladih<\/a>.<\/p>\n<p>Uvjeti za ostvarivanje i trajanje prava, na\u010din podno\u0161enja zahtjeva i potrebna dokumentacija propisani su\u00a0<a href=\"https:\/\/narodne-novine.nn.hr\/clanci\/sluzbeni\/2023_10_114_1635.html\" target=\"_blank\" rel=\"noopener\">Pravilnikom o uvjetima i na\u010dinu ostvarivanja prava na nov\u010danu potporu za pokri\u0107e dijela tro\u0161kova prijevoza za studente s invaliditetom<\/a>\u00a0(NN 114\/2023).<\/p>\n","protected":false},"excerpt":{"rendered":"<p>Pravo na nov\u010danu potporu za pokri\u0107e dijela tro\u0161kova prijevoza ostvaruju redoviti studenti s invaliditetom s najmanje 60% utvr\u0111enog o\u0161te\u0107enja organizma ili najmanje III. stupnja o\u0161te\u0107enja funkcionalnih sposobnosti, sukladno propisu kojim je propisana metodologija vje\u0161ta\u010denja i koji su upisani u Registar osoba s invaliditetom. Zahtjev za ostvarivanje prava podnosi se\u00a0Ministarstvu znanosti, obrazovanja i mladih. Uvjeti za [&hellip;]<\/p>\n","protected":false},"author":101011,"featured_media":0,"parent":0,"menu_order":0,"comment_status":"closed","ping_status":"closed","template":"","meta":{"saved_in_kubio":false,"footnotes":""},"class_list":["post-675","page","type-page","status-publish","hentry"],"kubio_ai_page_context":{"short_desc":"","purpose":"general"},"_links":{"self":[{"href":"https:\/\/prilagodba.ffzg.unizg.hr\/index.php?rest_route=\/wp\/v2\/pages\/675","targetHints":{"allow":["GET"]}}],"collection":[{"href":"https:\/\/prilagodba.ffzg.unizg.hr\/index.php?rest_route=\/wp\/v2\/pages"}],"about":[{"href":"https:\/\/prilagodba.ffzg.unizg.hr\/index.php?rest_route=\/wp\/v2\/types\/page"}],"author":[{"embeddable":true,"href":"https:\/\/prilagodba.ffzg.unizg.hr\/index.php?rest_route=\/wp\/v2\/users\/101011"}],"replies":[{"embeddable":true,"href":"https:\/\/prilagodba.ffzg.unizg.hr\/index.php?rest_route=%2Fwp%2Fv2%2Fcomments&post=675"}],"version-history":[{"count":1,"href":"https:\/\/prilagodba.ffzg.unizg.hr\/index.php?rest_route=\/wp\/v2\/pages\/675\/revisions"}],"predecessor-version":[{"id":676,"href":"https:\/\/prilagodba.ffzg.unizg.hr\/index.php?rest_route=\/wp\/v2\/pages\/675\/revisions\/676"}],"wp:attachment":[{"href":"https:\/\/prilagodba.ffzg.unizg.hr\/index.php?rest_route=%2Fwp%2Fv2%2Fmedia&parent=675"}],"curies":[{"name":"wp","href":"https:\/\/api.w.org\/{rel}","templated":true}]}}