{"id":657,"date":"2025-02-07T14:39:32","date_gmt":"2025-02-07T12:39:32","guid":{"rendered":"https:\/\/prilagodba.ffzg.unizg.hr\/?page_id=657"},"modified":"2025-02-07T16:16:19","modified_gmt":"2025-02-07T14:16:19","slug":"mirovanje-prava-i-obveza","status":"publish","type":"page","link":"https:\/\/prilagodba.ffzg.unizg.hr\/?page_id=657","title":{"rendered":"Mirovanje prava i obveza"},"content":{"rendered":"<p><b data-olk-copy-source=\"MessageBody\">\u00a0NA\u010cIN PODNO\u0160ENJA MOLBI ZA\u00a0<span class=\"markyadq3xqin\" data-markjs=\"true\" data-ogac=\"\" data-ogab=\"\" data-ogsc=\"\" data-ogsb=\"\">MIROVANJE<\/span>\u00a0PRAVA I OBVEZA U AKADEMSKOJ GODINI 2024\/25<\/b><\/p>\n<p>S po\u010detkom nove akademske godine 2024\/25, 1. listopada 2024. godine, stupio je na snagu novi Pravilnik o studiranju na prijediplomskim, diplomskim i integriranim studijima Sveu\u010dili\u0161ta u Zagrebu Filozofskog fakulteta. Detalje pravilnika mo\u017eete prona\u0107i <a href=\"https:\/\/maia.ffzg.hr\/att\/propisi\/Pravilnik-o-studiranju-Filozofskog-fakulteta-2024-2.pdf\">ovdje<\/a>.<\/p>\n<p>\u010clanak 15. ovog pravilnika detaljno opisuje uvjete pod kojima studenti Filozofskog fakulteta od 1. listopada 2025. godine mogu ostvariti pravo na mirovanje prava i obveza. Va\u017eno je naglasiti sljede\u0107e:<\/p>\n<ul>\n<li>Zahtjev se podnosi <strong>putem slu\u017ebene aplikacije Fakulteta ili vlastoru\u010dno potpisan putem Urud\u017ebenog ureda.<\/strong> Zahtjev se ne podnosi e-mailom;<\/li>\n<li>Zahtjev obavezno sadr\u017ei <strong>obrazlo\u017eenje zahtjeva i dokumentaciju<\/strong> kojom se dokazuju okolnosti zbog kojih se tra\u017ei\u00a0<span class=\"markyadq3xqin\" data-markjs=\"true\" data-ogac=\"\" data-ogab=\"\" data-ogsc=\"\" data-ogsb=\"\">mirovanje<\/span>\u00a0i koje se navode u obrazlo\u017eenju. Zahtjevi bez obrazlo\u017eenja i dokumentacije ne mogu se uva\u017eiti;<\/li>\n<li>Propisani <strong>rokovi<\/strong> za podno\u0161enje zahtjeva za\u00a0<span class=\"markyadq3xqin\" data-markjs=\"true\" data-ogac=\"\" data-ogab=\"\" data-ogsc=\"\" data-ogsb=\"\">mirovanje<\/span>\u00a0su: <strong>zadnji dan ispitnog roka u semestru za koji se tra\u017ei\u00a0<span class=\"markyadq3xqin\" data-markjs=\"true\" data-ogac=\"\" data-ogab=\"\" data-ogsc=\"\" data-ogsb=\"\">mirovanje<\/span><\/strong>\u00a0(za zimski semestar do kraja zimskog ispitnog roka, a za ljetni semestar do kraja ljetnog ispitnog roka). Zahtjevi podneseni nakon navedenih rokova ne\u0107e se odobriti.<\/li>\n<li>Studentu se mo\u017ee odobriti\u00a0<span class=\"markyadq3xqin\" data-markjs=\"true\" data-ogac=\"\" data-ogab=\"\" data-ogsc=\"\" data-ogsb=\"\">mirovanje<\/span>\u00a0u trajanju od jednog semestra ili jedne akademske godine, a najranije od po\u010detka semestra u kojem je pisani zahtjev podnesen;<\/li>\n<li>Iz gore navedenih rokova proizlazi da se\u00a0<span class=\"markyadq3xqin\" data-markjs=\"true\" data-ogac=\"\" data-ogab=\"\" data-ogsc=\"\" data-ogsb=\"\">mirovanje<\/span>\u00a0cijele akademske godine mo\u017ee ostvariti samo ako je zahtjev za\u00a0<span class=\"markyadq3xqin\" data-markjs=\"true\" data-ogac=\"\" data-ogab=\"\" data-ogsc=\"\" data-ogsb=\"\">mirovanje<\/span>\u00a0podnesen do zadnjeg dana zimskog ispitnog roka. Za sve zahtjeve podnesene nakon tog datuma, a zaklju\u010dno sa zadnjim danom ljetnog ispitnog roka,\u00a0<span class=\"markyadq3xqin\" data-markjs=\"true\" data-ogac=\"\" data-ogab=\"\" data-ogsc=\"\" data-ogsb=\"\">mirovanje<\/span>\u00a0se mo\u017ee odobriti samo za ljetni semestar. Svi zahtjevi podneseni za teku\u0107u godinu nakon zadnjeg dana ljetnog ispitnog roka ne\u0107e se odobriti odnosno biti \u0107e odbijeni;<\/li>\n<li><span class=\"markyadq3xqin\" data-markjs=\"true\" data-ogac=\"\" data-ogab=\"\" data-ogsc=\"\" data-ogsb=\"\">Mirovanje<\/span>\u00a0prava i obveza po osnovu zdravstvenih razloga mogu se ostvariti samo na temelju nesposobnosti zbog bolesti ili drugog usporedivog razloga koji traje dulje od tri (3) mjeseca u kontinuitetu;<\/li>\n<li>Samo je ovla\u0161teni lije\u010dnik obiteljske medicine ili specijalist ili studentski lije\u010dnik kao specijalista \u0161kolske i sveu\u010dili\u0161ne medicine mo\u017ee na temelju zdravstvenog stanja i nalaza utvr\u0111ivati nesposobnost zbog bolesti koja traje dulje od 3 mjeseca u kontinuitetu. Zaposlenici Fakulteta ne mogu procjenjivati nalaze studenata, ve\u0107 student treba dostaviti potvrdu ovla\u0161tenog lije\u010dnika obiteljske medicine ili specijalista ili studentskog lije\u010dnika (<u><a id=\"x_m_233006381406754521OWAd723d5b2-a87e-617b-1f99-cde4d548168b\" title=\"https:\/\/web2020.ffzg.unizg.hr\/studenti\/zdravstvena-zastita-studenata\/\" href=\"https:\/\/web2020.ffzg.unizg.hr\/studenti\/zdravstvena-zastita-studenata\/\" target=\"_blank\" rel=\"noreferrer noopener\" data-auth=\"NotApplicable\" data-linkindex=\"6\">https:\/\/web2020.ffzg.unizg.hr\/studenti\/zdravstvena-zastita-studenata\/<\/a><\/u>\u00a0) u kojoj \u0107e jasno biti navedeno da se radi o nesposobnost zbog bolesti koja traje dulje od 3 mjeseca u kontinuitetu. Nalaze studenti ne prila\u017eu uz zahtjeve za\u00a0<span class=\"markyadq3xqin\" data-markjs=\"true\" data-ogac=\"\" data-ogab=\"\" data-ogsc=\"\" data-ogsb=\"\">mirovanje<\/span>;<\/li>\n<li>Student kojem je odobreno\u00a0<span class=\"markyadq3xqin\" data-markjs=\"true\" data-ogac=\"\" data-ogab=\"\" data-ogsc=\"\" data-ogsb=\"\">mirovanje<\/span>\u00a0morat \u0107e slu\u0161ati i polagati u me\u0111uvremenu nastale razlike u studijskom programu i u bodovima prema ECTS-u ako se za vrijeme mirovanja prava i obveza izmijeni studijski program, a u skladu s odlukom mati\u010dnog odsjeka;<\/li>\n<\/ul>\n<p aria-hidden=\"true\">\n","protected":false},"excerpt":{"rendered":"<p>\u00a0NA\u010cIN PODNO\u0160ENJA MOLBI ZA\u00a0MIROVANJE\u00a0PRAVA I OBVEZA U AKADEMSKOJ GODINI 2024\/25 S po\u010detkom nove akademske godine 2024\/25, 1. listopada 2024. godine, stupio je na snagu novi Pravilnik o studiranju na prijediplomskim, diplomskim i integriranim studijima Sveu\u010dili\u0161ta u Zagrebu Filozofskog fakulteta. Detalje pravilnika mo\u017eete prona\u0107i ovdje. \u010clanak 15. ovog pravilnika detaljno opisuje uvjete pod kojima studenti Filozofskog [&hellip;]<\/p>\n","protected":false},"author":101011,"featured_media":0,"parent":0,"menu_order":0,"comment_status":"closed","ping_status":"closed","template":"","meta":{"saved_in_kubio":false,"footnotes":""},"class_list":["post-657","page","type-page","status-publish","hentry"],"kubio_ai_page_context":{"short_desc":"","purpose":"general"},"_links":{"self":[{"href":"https:\/\/prilagodba.ffzg.unizg.hr\/index.php?rest_route=\/wp\/v2\/pages\/657","targetHints":{"allow":["GET"]}}],"collection":[{"href":"https:\/\/prilagodba.ffzg.unizg.hr\/index.php?rest_route=\/wp\/v2\/pages"}],"about":[{"href":"https:\/\/prilagodba.ffzg.unizg.hr\/index.php?rest_route=\/wp\/v2\/types\/page"}],"author":[{"embeddable":true,"href":"https:\/\/prilagodba.ffzg.unizg.hr\/index.php?rest_route=\/wp\/v2\/users\/101011"}],"replies":[{"embeddable":true,"href":"https:\/\/prilagodba.ffzg.unizg.hr\/index.php?rest_route=%2Fwp%2Fv2%2Fcomments&post=657"}],"version-history":[{"count":6,"href":"https:\/\/prilagodba.ffzg.unizg.hr\/index.php?rest_route=\/wp\/v2\/pages\/657\/revisions"}],"predecessor-version":[{"id":697,"href":"https:\/\/prilagodba.ffzg.unizg.hr\/index.php?rest_route=\/wp\/v2\/pages\/657\/revisions\/697"}],"wp:attachment":[{"href":"https:\/\/prilagodba.ffzg.unizg.hr\/index.php?rest_route=%2Fwp%2Fv2%2Fmedia&parent=657"}],"curies":[{"name":"wp","href":"https:\/\/api.w.org\/{rel}","templated":true}]}}