{"id":346,"date":"2018-07-06T14:48:52","date_gmt":"2018-07-06T12:48:52","guid":{"rendered":"https:\/\/prilagodba.ffzg.unizg.hr\/?page_id=346"},"modified":"2025-02-07T16:12:04","modified_gmt":"2025-02-07T14:12:04","slug":"prilagodba-nastave-i-ispitivanja","status":"publish","type":"page","link":"https:\/\/prilagodba.ffzg.unizg.hr\/?page_id=346","title":{"rendered":"Prilagodba nastavnog procesa i na\u010dina polaganja ispita"},"content":{"rendered":"<p>Pravo na prilagodbu nastavnoga procesa i provjeru znanja pripada svim studentima koji zbog bolesti, o\u0161te\u0107enja ili poreme\u0107aja, neovisno o postotku tjelesnog o\u0161te\u0107enja ili vrsti i ozbiljnosti invaliditeta, te na temelju utvr\u0111enog vje\u0161ta\u010denja, imaju stalne, povremene ili privremene te\u0161ko\u0107e u obavljanju svakodnevnih akademskih aktivnosti.<\/p>\n<div class=\"flex max-w-full flex-col flex-grow\">\n<div class=\"min-h-8 text-message flex w-full flex-col items-end gap-2 whitespace-normal break-words text-start [.text-message+&amp;]:mt-5\" dir=\"auto\" data-message-author-role=\"assistant\" data-message-id=\"12898683-9b68-405f-8d83-236008ecddf2\" data-message-model-slug=\"gpt-4o-mini\">\n<div class=\"flex w-full flex-col gap-1 empty:hidden first:pt-[3px]\">\n<div class=\"markdown prose w-full break-words dark:prose-invert light\">\n<p>To uklju\u010duje studente s o\u0161te\u0107enjima vida i sluha, motori\u010dkim poreme\u0107ajima, kroni\u010dnim bolestima, ADHD-om, autizmom, psihi\u010dkim bolestima i poreme\u0107ajima, te specifi\u010dnim poreme\u0107ajima u\u010denja poput disleksije, disgrafije, diskalkulije, kao i drugim zdravstvenim stanjima i te\u0161ko\u0107ama koje mogu utjecati na tijek studiranja.<\/p>\n<\/div>\n<\/div>\n<\/div>\n<\/div>\n<p>Gdje se podnosi zahtjev za prilagodbu uvjeta studiranja?<br \/>\nZahtjev se podnosi na slu\u017ebenu e-adresu Ureda za studente s invaliditetom Filozofskog fakulteta.<\/p>\n<header class=\"single-head\"><time class=\"posted-on published\" datetime=\"2025-02-07\"><\/time><\/header>\n<div class=\"main-content-page\">\n<div class=\"single-entry-summary\">\n<div class=\"flex max-w-full flex-col flex-grow\">\n<div class=\"min-h-8 text-message flex w-full flex-col items-end gap-2 whitespace-normal break-words text-start [.text-message+&amp;]:mt-5\" dir=\"auto\" data-message-author-role=\"assistant\" data-message-id=\"93b6c46f-fbc0-443b-a414-e7c01d4389c9\" data-message-model-slug=\"gpt-4o\">\n<div class=\"flex w-full flex-col gap-1 empty:hidden first:pt-[3px]\">\n<div class=\"markdown prose w-full break-words dark:prose-invert light\"><strong><a href=\"https:\/\/www.ffzg.unizg.hr\/ssi\/?page_id=684\">Postupak podno\u0161enja zahtjeva za prilagodbu nastavnog procesa i na\u010dina polaganja ispita<\/a><\/strong><\/div>\n<\/div>\n<\/div>\n<\/div>\n<\/div>\n<\/div>\n<p>&nbsp;<\/p>\n<p>Na\u010din postupanja Ureda u slu\u010daju zaprimanja zahtjeva reguliran je\u00a0<a href=\"https:\/\/maia.ffzg.hr\/att\/propisi\/Pravilnik-o-studiranju-Filozofskog-fakulteta-2024-v2.pdf\"><span data-olk-copy-source=\"MessageBody\">Pravilnikom o studiranju na prijediplomskim, diplomskim i integriranim studijima Sveu\u010dili\u0161ta u Zagrebu Filozofskog fakulteta <\/span><\/a><\/p>\n","protected":false},"excerpt":{"rendered":"<p>Pravo na prilagodbu nastavnoga procesa i provjeru znanja pripada svim studentima koji zbog bolesti, o\u0161te\u0107enja ili poreme\u0107aja, neovisno o postotku tjelesnog o\u0161te\u0107enja ili vrsti i ozbiljnosti invaliditeta, te na temelju utvr\u0111enog vje\u0161ta\u010denja, imaju stalne, povremene ili privremene te\u0161ko\u0107e u obavljanju svakodnevnih akademskih aktivnosti. To uklju\u010duje studente s o\u0161te\u0107enjima vida i sluha, motori\u010dkim poreme\u0107ajima, kroni\u010dnim bolestima, [&hellip;]<\/p>\n","protected":false},"author":101011,"featured_media":0,"parent":0,"menu_order":0,"comment_status":"closed","ping_status":"closed","template":"","meta":{"saved_in_kubio":false,"footnotes":""},"class_list":["post-346","page","type-page","status-publish","hentry"],"kubio_ai_page_context":{"short_desc":"","purpose":"general"},"_links":{"self":[{"href":"https:\/\/prilagodba.ffzg.unizg.hr\/index.php?rest_route=\/wp\/v2\/pages\/346","targetHints":{"allow":["GET"]}}],"collection":[{"href":"https:\/\/prilagodba.ffzg.unizg.hr\/index.php?rest_route=\/wp\/v2\/pages"}],"about":[{"href":"https:\/\/prilagodba.ffzg.unizg.hr\/index.php?rest_route=\/wp\/v2\/types\/page"}],"author":[{"embeddable":true,"href":"https:\/\/prilagodba.ffzg.unizg.hr\/index.php?rest_route=\/wp\/v2\/users\/101011"}],"replies":[{"embeddable":true,"href":"https:\/\/prilagodba.ffzg.unizg.hr\/index.php?rest_route=%2Fwp%2Fv2%2Fcomments&post=346"}],"version-history":[{"count":10,"href":"https:\/\/prilagodba.ffzg.unizg.hr\/index.php?rest_route=\/wp\/v2\/pages\/346\/revisions"}],"predecessor-version":[{"id":694,"href":"https:\/\/prilagodba.ffzg.unizg.hr\/index.php?rest_route=\/wp\/v2\/pages\/346\/revisions\/694"}],"wp:attachment":[{"href":"https:\/\/prilagodba.ffzg.unizg.hr\/index.php?rest_route=%2Fwp%2Fv2%2Fmedia&parent=346"}],"curies":[{"name":"wp","href":"https:\/\/api.w.org\/{rel}","templated":true}]}}